{"id":6310,"date":"2026-01-30T13:37:32","date_gmt":"2026-01-30T12:37:32","guid":{"rendered":"https:\/\/powerberatung.bm1.de\/?page_id=6310"},"modified":"2026-02-20T14:26:52","modified_gmt":"2026-02-20T13:26:52","slug":"impressum","status":"publish","type":"page","link":"https:\/\/powerberatung.com\/en\/impressum\/","title":{"rendered":"Site Notice"},"content":{"rendered":"<style>.kb-row-layout-id6310_47be49-9a > .kt-row-column-wrap{align-content:start;}:where(.kb-row-layout-id6310_47be49-9a > .kt-row-column-wrap) > .wp-block-kadence-column{justify-content:start;}.kb-row-layout-id6310_47be49-9a > .kt-row-column-wrap{column-gap:var(--global-kb-gap-md, 2rem);row-gap:var(--global-kb-gap-md, 2rem);max-width:var( --global-content-width, 1290px );padding-left:var(--global-content-edge-padding);padding-right:var(--global-content-edge-padding);padding-top:120px;padding-bottom:60px;grid-template-columns:minmax(0, 1fr);}.kb-row-layout-id6310_47be49-9a > .kt-row-layout-overlay{opacity:0.30;}.kb-row-layout-id6310_47be49-9a .kt-row-layout-bottom-sep{height:100px;}.kb-row-layout-id6310_47be49-9a .kt-row-layout-bottom-sep svg{width:100%;}.kb-row-layout-id6310_47be49-9a .kt-row-layout-bottom-sep svg{fill:var(--global-palette9, #ffffff)!important;}@media all and (max-width: 1024px){.kb-row-layout-id6310_47be49-9a > .kt-row-column-wrap{grid-template-columns:minmax(0, 1fr);}}@media all and (max-width: 1024px){.kb-row-layout-id6310_47be49-9a .kt-row-layout-bottom-sep{height:px;}}@media all and (max-width: 1024px){.kb-row-layout-id6310_47be49-9a .kt-row-layout-bottom-sep svg{width:%;}}@media all and (max-width: 767px){.kb-row-layout-wrap.wp-block-kadence-rowlayout.kb-row-layout-id6310_47be49-9a{margin-bottom:0px;}.kb-row-layout-id6310_47be49-9a > .kt-row-column-wrap{padding-bottom:130px;grid-template-columns:minmax(0, 1fr);}.kb-row-layout-id6310_47be49-9a .kt-row-layout-bottom-sep{height:px;}.kb-row-layout-id6310_47be49-9a .kt-row-layout-bottom-sep svg{width:%;}}<\/style><div class=\"kb-row-layout-wrap kb-row-layout-id6310_47be49-9a alignnone has-theme-palette3-background-color kt-row-has-bg wp-block-kadence-rowlayout\"><div class=\"kt-row-column-wrap kt-has-1-columns kt-row-layout-equal kt-tab-layout-inherit kt-mobile-layout-row kt-row-valign-top kb-theme-content-width\">\n<style>.kadence-column6310_9b9720-ea > .kt-inside-inner-col,.kadence-column6310_9b9720-ea > .kt-inside-inner-col:before{border-top-left-radius:0px;border-top-right-radius:0px;border-bottom-right-radius:0px;border-bottom-left-radius:0px;}.kadence-column6310_9b9720-ea > .kt-inside-inner-col{column-gap:var(--global-kb-gap-sm, 1rem);}.kadence-column6310_9b9720-ea > .kt-inside-inner-col{flex-direction:column;}.kadence-column6310_9b9720-ea > .kt-inside-inner-col > .aligncenter{width:100%;}.kadence-column6310_9b9720-ea > .kt-inside-inner-col:before{opacity:0.3;}.kadence-column6310_9b9720-ea{position:relative;}@media all and (max-width: 1024px){.kadence-column6310_9b9720-ea > .kt-inside-inner-col{flex-direction:column;justify-content:center;}}@media all and (max-width: 767px){.kadence-column6310_9b9720-ea > .kt-inside-inner-col{flex-direction:column;justify-content:center;}}<\/style>\n<div class=\"wp-block-kadence-column kadence-column6310_9b9720-ea inner-column-1\"><div class=\"kt-inside-inner-col\"><style>.wp-block-kadence-advancedheading.kt-adv-heading6310_3506bc-1d, .wp-block-kadence-advancedheading.kt-adv-heading6310_3506bc-1d[data-kb-block=\"kb-adv-heading6310_3506bc-1d\"]{padding-top:0px;margin-top:0px;font-style:normal;}.wp-block-kadence-advancedheading.kt-adv-heading6310_3506bc-1d mark.kt-highlight, .wp-block-kadence-advancedheading.kt-adv-heading6310_3506bc-1d[data-kb-block=\"kb-adv-heading6310_3506bc-1d\"] mark.kt-highlight{font-style:normal;color:#f76a0c;-webkit-box-decoration-break:clone;box-decoration-break:clone;padding-top:0px;padding-right:0px;padding-bottom:0px;padding-left:0px;}.wp-block-kadence-advancedheading.kt-adv-heading6310_3506bc-1d img.kb-inline-image, .wp-block-kadence-advancedheading.kt-adv-heading6310_3506bc-1d[data-kb-block=\"kb-adv-heading6310_3506bc-1d\"] img.kb-inline-image{width:150px;vertical-align:baseline;}<\/style>\n<h1 class=\"kt-adv-heading6310_3506bc-1d wp-block-kadence-advancedheading has-theme-palette-9-color has-text-color\" data-kb-block=\"kb-adv-heading6310_3506bc-1d\">Impressum<\/h1>\n<\/div><\/div>\n\n<\/div><\/div>\n\n<style>.kb-row-layout-id6310_b9950a-f1 > .kt-row-column-wrap{align-content:start;}:where(.kb-row-layout-id6310_b9950a-f1 > .kt-row-column-wrap) > .wp-block-kadence-column{justify-content:start;}.kb-row-layout-id6310_b9950a-f1 > .kt-row-column-wrap{column-gap:var(--global-kb-gap-md, 2rem);row-gap:var(--global-kb-gap-md, 2rem);max-width:var( --global-content-width, 1290px );padding-left:var(--global-content-edge-padding);padding-right:var(--global-content-edge-padding);padding-top:var(--global-kb-spacing-xl, 4rem);padding-bottom:var(--global-kb-spacing-xl, 4rem);}.kb-row-layout-id6310_b9950a-f1 > .kt-row-column-wrap > *:nth-child(3n of *:not(style)){grid-column:1 \/ -1;}.kb-row-layout-id6310_b9950a-f1 > .kt-row-column-wrap{grid-template-columns:repeat(2, minmax(0, 1fr));}.kb-row-layout-id6310_b9950a-f1 > .kt-row-layout-overlay{opacity:0.30;}@media all and (max-width: 1024px){.kb-row-layout-id6310_b9950a-f1 > .kt-row-column-wrap > *:nth-child(3n of *:not(style)){grid-column:1 \/ -1;}}@media all and (max-width: 1024px){.kb-row-layout-id6310_b9950a-f1 > .kt-row-column-wrap{grid-template-columns:repeat(2, minmax(0, 1fr));}}@media all and (max-width: 767px){.kb-row-layout-id6310_b9950a-f1 > .kt-row-column-wrap > div:not(.added-for-specificity){grid-column:initial;}.kb-row-layout-id6310_b9950a-f1 > .kt-row-column-wrap{grid-template-columns:minmax(0, 1fr);}}<\/style><div class=\"kb-row-layout-wrap kb-row-layout-id6310_b9950a-f1 alignnone wp-block-kadence-rowlayout\"><div class=\"kt-row-column-wrap kt-has-3-columns kt-row-layout-last-row kt-tab-layout-inherit kt-mobile-layout-row kt-row-valign-top kb-theme-content-width\">\n<style>.kadence-column6310_094bae-c6 > .kt-inside-inner-col,.kadence-column6310_094bae-c6 > .kt-inside-inner-col:before{border-top-left-radius:0px;border-top-right-radius:0px;border-bottom-right-radius:0px;border-bottom-left-radius:0px;}.kadence-column6310_094bae-c6 > .kt-inside-inner-col{column-gap:var(--global-kb-gap-sm, 1rem);}.kadence-column6310_094bae-c6 > .kt-inside-inner-col{flex-direction:column;}.kadence-column6310_094bae-c6 > .kt-inside-inner-col > .aligncenter{width:100%;}.kadence-column6310_094bae-c6 > .kt-inside-inner-col:before{opacity:0.3;}.kadence-column6310_094bae-c6{position:relative;}@media all and (max-width: 1024px){.kadence-column6310_094bae-c6 > .kt-inside-inner-col{flex-direction:column;justify-content:center;}}@media all and (max-width: 767px){.kadence-column6310_094bae-c6 > .kt-inside-inner-col{flex-direction:column;justify-content:center;}}<\/style>\n<div class=\"wp-block-kadence-column kadence-column6310_094bae-c6\"><div class=\"kt-inside-inner-col\">\n<h2 class=\"wp-block-heading has-medium-font-size\"><strong>Powerberatung &amp; Low Code GmbH<\/strong><\/h2>\n\n\n\n<p><strong>Julius-Hatry-Str. 1<br>68163 Mannheim<\/strong><\/p>\n<\/div><\/div>\n\n\n<style>.kadence-column6310_5bd2d4-8d > .kt-inside-inner-col,.kadence-column6310_5bd2d4-8d > .kt-inside-inner-col:before{border-top-left-radius:0px;border-top-right-radius:0px;border-bottom-right-radius:0px;border-bottom-left-radius:0px;}.kadence-column6310_5bd2d4-8d > .kt-inside-inner-col{column-gap:var(--global-kb-gap-sm, 1rem);}.kadence-column6310_5bd2d4-8d > .kt-inside-inner-col{flex-direction:column;}.kadence-column6310_5bd2d4-8d > .kt-inside-inner-col > .aligncenter{width:100%;}.kadence-column6310_5bd2d4-8d > .kt-inside-inner-col:before{opacity:0.3;}.kadence-column6310_5bd2d4-8d{position:relative;}@media all and (max-width: 1024px){.kadence-column6310_5bd2d4-8d > .kt-inside-inner-col{flex-direction:column;justify-content:center;}}@media all and (max-width: 767px){.kadence-column6310_5bd2d4-8d > .kt-inside-inner-col{flex-direction:column;justify-content:center;}}<\/style>\n<div class=\"wp-block-kadence-column kadence-column6310_5bd2d4-8d\"><div class=\"kt-inside-inner-col\">\n<h2 class=\"wp-block-heading has-medium-font-size\">Kontakt<\/h2>\n\n\n\n<p>Telefon: <a href=\"tel:4962117298551\">+49 621 17298551<\/a><br>E-Mail: <a href=\"mailto:office@powerberatung.com\">office@powerberatung.com<\/a><\/p>\n<\/div><\/div>\n\n\n<style>.kadence-column6310_0fb5bb-9a > .kt-inside-inner-col,.kadence-column6310_0fb5bb-9a > .kt-inside-inner-col:before{border-top-left-radius:0px;border-top-right-radius:0px;border-bottom-right-radius:0px;border-bottom-left-radius:0px;}.kadence-column6310_0fb5bb-9a > .kt-inside-inner-col{column-gap:var(--global-kb-gap-sm, 1rem);}.kadence-column6310_0fb5bb-9a > .kt-inside-inner-col{flex-direction:column;}.kadence-column6310_0fb5bb-9a > .kt-inside-inner-col > .aligncenter{width:100%;}.kadence-column6310_0fb5bb-9a > .kt-inside-inner-col:before{opacity:0.3;}.kadence-column6310_0fb5bb-9a{position:relative;}@media all and (max-width: 1024px){.kadence-column6310_0fb5bb-9a > .kt-inside-inner-col{flex-direction:column;justify-content:center;}}@media all and (max-width: 767px){.kadence-column6310_0fb5bb-9a > .kt-inside-inner-col{flex-direction:column;justify-content:center;}}<\/style>\n<div class=\"wp-block-kadence-column kadence-column6310_0fb5bb-9a\"><div class=\"kt-inside-inner-col\">\n<hr class=\"wp-block-separator has-alpha-channel-opacity\" style=\"margin-top:var(--wp--preset--spacing--80);margin-bottom:var(--wp--preset--spacing--80)\"\/>\n\n\n\n<p>Handelsregister: HRB750437<br>Registergericht: Amtsgericht Mannheim<\/p>\n\n\n\n<p><strong>Vertreten durch:<\/strong><br>Paul Stierle, Gesch\u00e4ftsf\u00fchrer<br>Julian Kr\u00e4tzmann, Gesch\u00e4ftsf\u00fchrer<\/p>\n\n\n\n<h2 class=\"wp-block-heading\">Umsatzsteuer-ID<\/h2>\n\n\n\n<p>Umsatzsteuer-Identifikationsnummer gem\u00e4\u00df \u00a7 27 a Umsatzsteuergesetz:<br>DE366965899<\/p>\n\n\n\n<h2 class=\"wp-block-heading\">Angaben zur Berufs\u00adhaftpflicht\u00adversicherung<\/h2>\n\n\n\n<p><strong>Name und Sitz des Versicherers:<\/strong><br>HISCOX SA<br>Arnulfstra\u00dfe 31<br>80636 M\u00fcnchen<\/p>\n\n\n\n<p><strong>Geltungsraum der Versicherung:<\/strong><br>Deutschland<\/p>\n\n\n\n<h2 class=\"wp-block-heading\">Verbraucher\u00adstreit\u00adbeilegung\/Universal\u00adschlichtungs\u00adstelle<\/h2>\n\n\n\n<p>Wir sind nicht bereit oder verpflichtet, an Streitbeilegungsverfahren vor einer Verbraucherschlichtungsstelle teilzunehmen.<\/p>\n<\/div><\/div>\n\n<\/div><\/div>","protected":false},"excerpt":{"rendered":"<p>Impressum Powerberatung &amp; Low Code GmbH Julius-Hatry-Str. 168163 Mannheim Kontakt Telefon: +49 621 17298551E-Mail: office@powerberatung.com Handelsregister: HRB750437Registergericht: Amtsgericht Mannheim Vertreten durch:Paul Stierle, Gesch\u00e4ftsf\u00fchrerJulian Kr\u00e4tzmann, Gesch\u00e4ftsf\u00fchrer Umsatzsteuer-ID Umsatzsteuer-Identifikationsnummer gem\u00e4\u00df \u00a7 27 a Umsatzsteuergesetz:DE366965899 Angaben zur Berufs\u00adhaftpflicht\u00adversicherung Name und Sitz des Versicherers:HISCOX SAArnulfstra\u00dfe 3180636 M\u00fcnchen Geltungsraum der Versicherung:Deutschland Verbraucher\u00adstreit\u00adbeilegung\/Universal\u00adschlichtungs\u00adstelle Wir sind nicht bereit oder verpflichtet, an Streitbeilegungsverfahren&#8230;<\/p>","protected":false},"author":5,"featured_media":0,"parent":0,"menu_order":0,"comment_status":"closed","ping_status":"closed","template":"","meta":{"inline_featured_image":false,"_kad_blocks_custom_css":"","_kad_blocks_head_custom_js":"","_kad_blocks_body_custom_js":"","_kad_blocks_footer_custom_js":"","_kadence_starter_templates_imported_post":false,"_kad_post_transparent":"","_kad_post_title":"","_kad_post_layout":"","_kad_post_sidebar_id":"","_kad_post_content_style":"","_kad_post_vertical_padding":"","_kad_post_feature":"","_kad_post_feature_position":"","_kad_post_header":false,"_kad_post_footer":false,"_kad_post_classname":"","footnotes":""},"class_list":["post-6310","page","type-page","status-publish","hentry"],"yoast_head":"<!-- This site is optimized with the Yoast SEO plugin v27.4 - https:\/\/yoast.com\/product\/yoast-seo-wordpress\/ -->\n<title>Impressum - Powerberatung<\/title>\n<meta name=\"robots\" content=\"index, follow, max-snippet:-1, max-image-preview:large, max-video-preview:-1\" \/>\n<link rel=\"canonical\" href=\"https:\/\/powerberatung.com\/en\/impressum\/\" \/>\n<meta property=\"og:locale\" content=\"en_US\" \/>\n<meta property=\"og:type\" content=\"article\" \/>\n<meta property=\"og:title\" content=\"Impressum - Powerberatung\" \/>\n<meta property=\"og:description\" content=\"Impressum Powerberatung &amp; Low Code GmbH Julius-Hatry-Str. 168163 Mannheim Kontakt Telefon: +49 621 17298551E-Mail: office@powerberatung.com Handelsregister: HRB750437Registergericht: Amtsgericht Mannheim Vertreten durch:Paul Stierle, Gesch\u00e4ftsf\u00fchrerJulian Kr\u00e4tzmann, Gesch\u00e4ftsf\u00fchrer Umsatzsteuer-ID Umsatzsteuer-Identifikationsnummer gem\u00e4\u00df \u00a7 27 a Umsatzsteuergesetz:DE366965899 Angaben zur Berufs\u00adhaftpflicht\u00adversicherung Name und Sitz des Versicherers:HISCOX SAArnulfstra\u00dfe 3180636 M\u00fcnchen Geltungsraum der Versicherung:Deutschland Verbraucher\u00adstreit\u00adbeilegung\/Universal\u00adschlichtungs\u00adstelle Wir sind nicht bereit oder verpflichtet, an Streitbeilegungsverfahren...\" \/>\n<meta property=\"og:url\" content=\"https:\/\/powerberatung.com\/en\/impressum\/\" \/>\n<meta property=\"og:site_name\" content=\"Powerberatung\" \/>\n<meta property=\"article:modified_time\" content=\"2026-02-20T13:26:52+00:00\" \/>\n<meta name=\"twitter:card\" content=\"summary_large_image\" \/>\n<meta name=\"twitter:label1\" content=\"Est. reading time\" \/>\n\t<meta name=\"twitter:data1\" content=\"1 minute\" \/>\n<script type=\"application\/ld+json\" class=\"yoast-schema-graph\">{\"@context\":\"https:\\\/\\\/schema.org\",\"@graph\":[{\"@type\":\"WebPage\",\"@id\":\"https:\\\/\\\/powerberatung.com\\\/impressum\\\/\",\"url\":\"https:\\\/\\\/powerberatung.com\\\/impressum\\\/\",\"name\":\"Impressum - Powerberatung\",\"isPartOf\":{\"@id\":\"https:\\\/\\\/powerberatung.com\\\/en\\\/#website\"},\"datePublished\":\"2026-01-30T12:37:32+00:00\",\"dateModified\":\"2026-02-20T13:26:52+00:00\",\"breadcrumb\":{\"@id\":\"https:\\\/\\\/powerberatung.com\\\/impressum\\\/#breadcrumb\"},\"inLanguage\":\"en-US\",\"potentialAction\":[{\"@type\":\"ReadAction\",\"target\":[\"https:\\\/\\\/powerberatung.com\\\/impressum\\\/\"]}]},{\"@type\":\"BreadcrumbList\",\"@id\":\"https:\\\/\\\/powerberatung.com\\\/impressum\\\/#breadcrumb\",\"itemListElement\":[{\"@type\":\"ListItem\",\"position\":1,\"name\":\"Home\",\"item\":\"https:\\\/\\\/powerberatung.com\\\/\"},{\"@type\":\"ListItem\",\"position\":2,\"name\":\"Impressum\"}]},{\"@type\":\"WebSite\",\"@id\":\"https:\\\/\\\/powerberatung.com\\\/en\\\/#website\",\"url\":\"https:\\\/\\\/powerberatung.com\\\/en\\\/\",\"name\":\"Powerberatung & Low Code GmbH\",\"description\":\"Consulting and development services for Microsoft Power Platform products, Low Code\",\"publisher\":{\"@id\":\"https:\\\/\\\/powerberatung.com\\\/en\\\/#organization\"},\"potentialAction\":[{\"@type\":\"SearchAction\",\"target\":{\"@type\":\"EntryPoint\",\"urlTemplate\":\"https:\\\/\\\/powerberatung.com\\\/en\\\/?s={search_term_string}\"},\"query-input\":{\"@type\":\"PropertyValueSpecification\",\"valueRequired\":true,\"valueName\":\"search_term_string\"}}],\"inLanguage\":\"en-US\"},{\"@type\":\"Organization\",\"@id\":\"https:\\\/\\\/powerberatung.com\\\/en\\\/#organization\",\"name\":\"Powerberatung & Low Code GmbH\",\"url\":\"https:\\\/\\\/powerberatung.com\\\/en\\\/\",\"logo\":{\"@type\":\"ImageObject\",\"inLanguage\":\"en-US\",\"@id\":\"https:\\\/\\\/powerberatung.com\\\/en\\\/#\\\/schema\\\/logo\\\/image\\\/\",\"url\":\"https:\\\/\\\/powerberatung.com\\\/wp-content\\\/uploads\\\/2026\\\/02\\\/logo-power-beratung_white.svg\",\"contentUrl\":\"https:\\\/\\\/powerberatung.com\\\/wp-content\\\/uploads\\\/2026\\\/02\\\/logo-power-beratung_white.svg\",\"caption\":\"Powerberatung & Low Code GmbH\"},\"image\":{\"@id\":\"https:\\\/\\\/powerberatung.com\\\/en\\\/#\\\/schema\\\/logo\\\/image\\\/\"}}]}<\/script>\n<!-- \/ Yoast SEO plugin. -->","yoast_head_json":{"title":"Impressum - Powerberatung","robots":{"index":"index","follow":"follow","max-snippet":"max-snippet:-1","max-image-preview":"max-image-preview:large","max-video-preview":"max-video-preview:-1"},"canonical":"https:\/\/powerberatung.com\/en\/impressum\/","og_locale":"en_US","og_type":"article","og_title":"Impressum - Powerberatung","og_description":"Impressum Powerberatung &amp; Low Code GmbH Julius-Hatry-Str. 168163 Mannheim Kontakt Telefon: +49 621 17298551E-Mail: office@powerberatung.com Handelsregister: HRB750437Registergericht: Amtsgericht Mannheim Vertreten durch:Paul Stierle, Gesch\u00e4ftsf\u00fchrerJulian Kr\u00e4tzmann, Gesch\u00e4ftsf\u00fchrer Umsatzsteuer-ID Umsatzsteuer-Identifikationsnummer gem\u00e4\u00df \u00a7 27 a Umsatzsteuergesetz:DE366965899 Angaben zur Berufs\u00adhaftpflicht\u00adversicherung Name und Sitz des Versicherers:HISCOX SAArnulfstra\u00dfe 3180636 M\u00fcnchen Geltungsraum der Versicherung:Deutschland Verbraucher\u00adstreit\u00adbeilegung\/Universal\u00adschlichtungs\u00adstelle Wir sind nicht bereit oder verpflichtet, an Streitbeilegungsverfahren...","og_url":"https:\/\/powerberatung.com\/en\/impressum\/","og_site_name":"Powerberatung","article_modified_time":"2026-02-20T13:26:52+00:00","twitter_card":"summary_large_image","twitter_misc":{"Est. reading time":"1 minute"},"schema":{"@context":"https:\/\/schema.org","@graph":[{"@type":"WebPage","@id":"https:\/\/powerberatung.com\/impressum\/","url":"https:\/\/powerberatung.com\/impressum\/","name":"Impressum - Powerberatung","isPartOf":{"@id":"https:\/\/powerberatung.com\/en\/#website"},"datePublished":"2026-01-30T12:37:32+00:00","dateModified":"2026-02-20T13:26:52+00:00","breadcrumb":{"@id":"https:\/\/powerberatung.com\/impressum\/#breadcrumb"},"inLanguage":"en-US","potentialAction":[{"@type":"ReadAction","target":["https:\/\/powerberatung.com\/impressum\/"]}]},{"@type":"BreadcrumbList","@id":"https:\/\/powerberatung.com\/impressum\/#breadcrumb","itemListElement":[{"@type":"ListItem","position":1,"name":"Home","item":"https:\/\/powerberatung.com\/"},{"@type":"ListItem","position":2,"name":"Impressum"}]},{"@type":"WebSite","@id":"https:\/\/powerberatung.com\/en\/#website","url":"https:\/\/powerberatung.com\/en\/","name":"Powerberatung & Low Code GmbH","description":"Consulting and development services for Microsoft Power Platform products, Low Code","publisher":{"@id":"https:\/\/powerberatung.com\/en\/#organization"},"potentialAction":[{"@type":"SearchAction","target":{"@type":"EntryPoint","urlTemplate":"https:\/\/powerberatung.com\/en\/?s={search_term_string}"},"query-input":{"@type":"PropertyValueSpecification","valueRequired":true,"valueName":"search_term_string"}}],"inLanguage":"en-US"},{"@type":"Organization","@id":"https:\/\/powerberatung.com\/en\/#organization","name":"Powerberatung & Low Code GmbH","url":"https:\/\/powerberatung.com\/en\/","logo":{"@type":"ImageObject","inLanguage":"en-US","@id":"https:\/\/powerberatung.com\/en\/#\/schema\/logo\/image\/","url":"https:\/\/powerberatung.com\/wp-content\/uploads\/2026\/02\/logo-power-beratung_white.svg","contentUrl":"https:\/\/powerberatung.com\/wp-content\/uploads\/2026\/02\/logo-power-beratung_white.svg","caption":"Powerberatung & Low Code GmbH"},"image":{"@id":"https:\/\/powerberatung.com\/en\/#\/schema\/logo\/image\/"}}]}},"taxonomy_info":[],"featured_image_src_large":false,"author_info":{"display_name":"BM 1 Baumg\u00e4rtner","author_link":"https:\/\/powerberatung.com\/en\/author\/bm-1\/"},"comment_info":0,"_links":{"self":[{"href":"https:\/\/powerberatung.com\/en\/wp-json\/wp\/v2\/pages\/6310","targetHints":{"allow":["GET"]}}],"collection":[{"href":"https:\/\/powerberatung.com\/en\/wp-json\/wp\/v2\/pages"}],"about":[{"href":"https:\/\/powerberatung.com\/en\/wp-json\/wp\/v2\/types\/page"}],"author":[{"embeddable":true,"href":"https:\/\/powerberatung.com\/en\/wp-json\/wp\/v2\/users\/5"}],"replies":[{"embeddable":true,"href":"https:\/\/powerberatung.com\/en\/wp-json\/wp\/v2\/comments?post=6310"}],"version-history":[{"count":12,"href":"https:\/\/powerberatung.com\/en\/wp-json\/wp\/v2\/pages\/6310\/revisions"}],"predecessor-version":[{"id":7167,"href":"https:\/\/powerberatung.com\/en\/wp-json\/wp\/v2\/pages\/6310\/revisions\/7167"}],"wp:attachment":[{"href":"https:\/\/powerberatung.com\/en\/wp-json\/wp\/v2\/media?parent=6310"}],"curies":[{"name":"wp","href":"https:\/\/api.w.org\/{rel}","templated":true}]}}